{"id":64,"date":"2016-08-13T19:59:18","date_gmt":"2016-08-13T19:59:18","guid":{"rendered":"https:\/\/www.europeinpictures.com\/baltics-trip-report\/?page_id=64"},"modified":"2017-07-11T21:29:22","modified_gmt":"2017-07-11T21:29:22","slug":"sigulda","status":"publish","type":"page","link":"https:\/\/www.europeinpictures.com\/baltics-trip-report\/sigulda","title":{"rendered":"Sigulda, Latvia"},"content":{"rendered":"<p>I had some interest in going to Siguda, about 90 minutes by train from Riga, to explore Gauja National Park  a little and hike to a few castles, but it didn&#8217;t look that interesting or scenic (our walking tour guide had said it was a great place to go in the fall with the leaves turning but otherwise, not so much).  There was also the town of Cesis another half hour on from Siguda by train; it was supposedly a nice town, but was it worth two hours on a train each way just to see a town and another castle?<\/p>\n<div style=\"width: 610px\" class=\"wp-caption alignnone\"><a href=\"https:\/\/www.portlandbridges.com\/00,M25D0IMG36260,448,1,1,0-sigulda-latvia.html\" target=\"_blank\"><img loading=\"lazy\" decoding=\"async\" src=\"https:\/\/www.portlandbridges.com\/photoimagefiles\/image-m25d0img36260-s.jpg\" width=\"600\" height=\"400\" alt=\"Sigulda New Castle\" \/><\/a><p class=\"wp-caption-text\">Sigulda New Castle<\/p><\/div>\n<p><div style=\"width: 610px\" class=\"wp-caption alignnone\"><a href=\"https:\/\/www.portlandbridges.com\/00,M25D0IMG36292,448,1,1,0-sigulda-latvia.html\" target=\"_blank\"><img loading=\"lazy\" decoding=\"async\" src=\"https:\/\/www.portlandbridges.com\/photoimagefiles\/image-m25d0img36292-s.jpg\" width=\"600\" height=\"400\" alt=\"Sigulda Medieval Castle\" \/><\/a><p class=\"wp-caption-text\">Sigulda Medieval Castle<\/p><\/div><br \/>\nFinally, I compromised: I&#8217;d take the train to Siguda for a while, hike a little, then take the train on to Cesis if I felt like it.  I had to time this trip carefully, because although there are numerous trains between Riga and Siguda, there are far fewer between Cesis and Riga (there are buses, too, but I wasn&#8217;t keen on another long bus ride).<\/p>\n<p>When I got to Siguda (Saturday before noon), there was some sort of weekend festival going on right at the train station, with a band (playing rock tunes, not folk music or anything) and some food booths.<\/p>\n<div style=\"width: 610px\" class=\"wp-caption alignnone\"><a href=\"https:\/\/www.portlandbridges.com\/00,M25D0IMG36240,448,1,1,0-sigulda-latvia.html\" target=\"_blank\"><img loading=\"lazy\" decoding=\"async\" src=\"https:\/\/www.portlandbridges.com\/photoimagefiles\/image-m25d0img36240-s.jpg\" width=\"600\" height=\"400\" alt=\"Train Station, Sigulda\" \/><\/a><p class=\"wp-caption-text\">Train Station, Sigulda<\/p><\/div>\n<p>It did not seem like any sort of traditional \u201cLatvian festival,\u201d maybe the kind of weekend festival you&#8217;d find in the US.  I did find a booth with Italian food there; the people manning it insisted they were real Italians (very friendly people), and their lasagna was really good!<\/p>\n<p>Sigulda is a pleasant town \u2013 not amazingly picturesque or anything.  The main appeal seems to be that it&#8217;s at the edge of Gauja National Park.  I walked (not exactly hiked because I was largely on sidewalks along streets) to one of the castles and to a recreation area high above the river.  One of the attractions of this \u201chike\u201d is to take a cable car high over the river valley for the view.  But I could see part of the view of the river and didn&#8217;t think it was so amazing.  So I decided to hike back to the train station and head on to C\u0113sis.<\/p>\n<p>And this is where I made my first mistake of the trip.  Although I&#8217;m experienced traveler and have taken many trains in Europe, sometimes I panic in a moment of confusion and do something stupid.  In this case, I knew the train to C\u0113sis was due at 1:35.  But I wasn&#8217;t paying close attention a few minutes before that, and when I glanced outside, I noticed a train had arrived and people were getting on \u2013 oh no, is this my train to C\u0113sis?  MUST BE, it&#8217;s almost 1:35!!  So I rushed to hop on.  By the time I figured out it was actually going the opposite direction, back to Riga, it was too late.<\/p>\n<p>There was no real option to get off at the next stop and catch the next train to C\u0113sis, because we soon passed the C\u0113sis train I was supposed to get on, going in the other direction.  And the next train to C\u0113sis wasn&#8217;t for hours.  Maybe I could have gone back to Sigulda, but what was the point?  So&#8230;I decided to bag it and just head back to Riga.<\/p>\n<p>It probably wasn&#8217;t a bad decision, although I was disappointed to miss C\u0113sis.  I would have had to wait a few hours for the train from C\u0113sis back to Riga even if I had gotten on the correct train, and that would have gotten me back late to Riga, like closer to 9:30.  As it turned out, I used the extra time in Riga to walk across the river and find good viewpoints back on the city for a final round of night shots.  I probably would have skipped that entirely had I gone to C\u0113sis.<\/p>\n<div style=\"float: left; width: 212px;\"><p class=\"ahnavprevnext\" style=\"font-size: 11pt;\"><a href=\"https:\/\/www.portlandbridges.com\/00,M25D0IMG36268,448,1,1,0-sigulda-latvia.html\" target=\"_blank\">\n           <img loading=\"lazy\" decoding=\"async\" src=\"https:\/\/www.portlandbridges.com\/photoimagefiles\/image-m25d0img36268-t.jpg\" height=\"133\"\n           width=\"200\" alt=\"Sigulda, Latvia\"><br>View \n           More Photos of Sigulda, Latvia on PortlandBridges.com<\/a><\/p><\/div>\n<p><br clear='all'><div style='float: left; width: 200px; '>\n<p style=\"text-align: center; margin-bottom: 0; padding-bottom: 0;\">\n<a target=\"_blank\"  href=\"https:\/\/www.amazon.com\/gp\/product\/174220757X\/ref=as_li_tl?ie=UTF8&camp=1789&creative=9325&creativeASIN=174220757X&linkCode=as2&tag=bridgebooks&linkId=174220757X\"><img decoding=\"async\" border=\"0\" src=\"\/\/ws-na.amazon-adsystem.com\/widgets\/q?_encoding=UTF8&MarketPlace=US&ASIN=174220757X&ServiceVersion=20070822&ID=AsinImage&WS=1&Format=_SL250_&tag=bridgebooks\" ><\/a><img loading=\"lazy\" decoding=\"async\" src=\"\/\/ir-na.amazon-adsystem.com\/e\/ir?t=bridgebooks&l=am2&o=1&a=174220757X\" width=\"1\" height=\"1\" border=\"0\" alt=\"\" style=\"border:none !important; margin:0px !important;\" \/>\n<\/p>\n<p style=\"text-align: center; margin-top: 0; padding-top: 0;\">\n<a target=\"_blank\" href=\"https:\/\/www.amazon.com\/gp\/product\/174220757X\/ref=as_li_tl?ie=UTF8&camp=1789&creative=9325&creativeASIN=174220757X&linkCode=as2&tag=bridgebooks&linkId=64271a028f9f6efe50acc14c9f9f13d8\">Lonely Planet Estonia, Latvia &amp; Lithuania (Travel Guide) - Buy on Amazon.com<\/a><img loading=\"lazy\" decoding=\"async\" src=\"\/\/ir-na.amazon-adsystem.com\/e\/ir?t=bridgebooks&l=am2&o=1&a=174220757X\" width=\"1\" height=\"1\" border=\"0\" alt=\"\" style=\"border:none !important; margin:0px !important;\" \/>\n<\/p>\n<\/div><div style='float: left; width: 200px; '>\n<p style=\"text-align: center; margin-bottom: 0; padding-bottom: 0;\">\n<a target=\"_blank\"  href=\"https:\/\/www.amazon.com\/gp\/product\/1465427953\/ref=as_li_tl?ie=UTF8&camp=1789&creative=9325&creativeASIN=1465427953&linkCode=as2&tag=bridgebooks&linkId=1465427953\"><img decoding=\"async\" border=\"0\" src=\"\/\/ws-na.amazon-adsystem.com\/widgets\/q?_encoding=UTF8&MarketPlace=US&ASIN=1465427953&ServiceVersion=20070822&ID=AsinImage&WS=1&Format=_SL250_&tag=bridgebooks\" ><\/a><img loading=\"lazy\" decoding=\"async\" src=\"\/\/ir-na.amazon-adsystem.com\/e\/ir?t=bridgebooks&l=am2&o=1&a=1465427953\" width=\"1\" height=\"1\" border=\"0\" alt=\"\" style=\"border:none !important; margin:0px !important;\" \/>\n<\/p>\n<p style=\"text-align: center; margin-top: 0; padding-top: 0;\">\n<a target=\"_blank\" href=\"https:\/\/www.amazon.com\/gp\/product\/1465427953\/ref=as_li_tl?ie=UTF8&camp=1789&creative=9325&creativeASIN=1465427953&linkCode=as2&tag=bridgebooks&linkId=ab6891bb5eb397655f963cf077e790d2\">DK Eyewitness Travel Guide: Estonia, Latvia & Lithuania - Buy on Amazon.com<\/a><img loading=\"lazy\" decoding=\"async\" src=\"\/\/ir-na.amazon-adsystem.com\/e\/ir?t=bridgebooks&l=am2&o=1&a=1465427953\" width=\"1\" height=\"1\" border=\"0\" alt=\"\" style=\"border:none !important; margin:0px !important;\" \/>\n<\/p>\n<\/div><div style='float: left; width: 200px; '>\n<p style=\"text-align: center; margin-bottom: 0; padding-bottom: 0;\">\n<a target=\"_blank\"  href=\"https:\/\/www.amazon.com\/gp\/product\/1631210637\/ref=as_li_tl?ie=UTF8&camp=1789&creative=9325&creativeASIN=1631210637&linkCode=as2&tag=bridgebooks&linkId=1631210637\"><img decoding=\"async\" border=\"0\" src=\"\/\/ws-na.amazon-adsystem.com\/widgets\/q?_encoding=UTF8&MarketPlace=US&ASIN=1631210637&ServiceVersion=20070822&ID=AsinImage&WS=1&Format=_SL250_&tag=bridgebooks\" ><\/a><img loading=\"lazy\" decoding=\"async\" src=\"\/\/ir-na.amazon-adsystem.com\/e\/ir?t=bridgebooks&l=am2&o=1&a=1631210637\" width=\"1\" height=\"1\" border=\"0\" alt=\"\" style=\"border:none !important; margin:0px !important;\" \/>\n<\/p>\n<p style=\"text-align: center; margin-top: 0; padding-top: 0;\">\n<a target=\"_blank\" href=\"https:\/\/www.amazon.com\/gp\/product\/1631210637\/ref=as_li_tl?ie=UTF8&camp=1789&creative=9325&creativeASIN=1631210637&linkCode=as2&tag=bridgebooks&linkId=fafbae3dab9350d267de0ff6af471e81\">Rick Steves Snapshot St. Petersburg, Helsinki &amp; Tallinn - Buy on Amazon.com<\/a><img loading=\"lazy\" decoding=\"async\" src=\"\/\/ir-na.amazon-adsystem.com\/e\/ir?t=bridgebooks&l=am2&o=1&a=1631210637\" width=\"1\" height=\"1\" border=\"0\" alt=\"\" style=\"border:none !important; margin:0px !important;\" \/>\n<\/p>\n<\/div><br clear='all'><\/p>\n<p>[bookingcomad1 aid=&#8221;1302158&#8243; destid=&#8221;-3212216&#8243;]<\/p>\n","protected":false},"excerpt":{"rendered":"<p>I had some interest in going to Siguda, about 90 minutes by train from Riga, to explore Gauja National Park a little and hike to a few castles, but it didn&#8217;t look that interesting or scenic (our walking tour guide &hellip; <a href=\"https:\/\/www.europeinpictures.com\/baltics-trip-report\/sigulda\">Continue reading <span class=\"meta-nav\">&rarr;<\/span><\/a><\/p>\n","protected":false},"author":1,"featured_media":0,"parent":0,"menu_order":11,"comment_status":"open","ping_status":"open","template":"","meta":{"footnotes":""},"class_list":["post-64","page","type-page","status-publish","hentry"],"_links":{"self":[{"href":"https:\/\/www.europeinpictures.com\/baltics-trip-report\/wp-json\/wp\/v2\/pages\/64","targetHints":{"allow":["GET"]}}],"collection":[{"href":"https:\/\/www.europeinpictures.com\/baltics-trip-report\/wp-json\/wp\/v2\/pages"}],"about":[{"href":"https:\/\/www.europeinpictures.com\/baltics-trip-report\/wp-json\/wp\/v2\/types\/page"}],"author":[{"embeddable":true,"href":"https:\/\/www.europeinpictures.com\/baltics-trip-report\/wp-json\/wp\/v2\/users\/1"}],"replies":[{"embeddable":true,"href":"https:\/\/www.europeinpictures.com\/baltics-trip-report\/wp-json\/wp\/v2\/comments?post=64"}],"version-history":[{"count":8,"href":"https:\/\/www.europeinpictures.com\/baltics-trip-report\/wp-json\/wp\/v2\/pages\/64\/revisions"}],"predecessor-version":[{"id":224,"href":"https:\/\/www.europeinpictures.com\/baltics-trip-report\/wp-json\/wp\/v2\/pages\/64\/revisions\/224"}],"wp:attachment":[{"href":"https:\/\/www.europeinpictures.com\/baltics-trip-report\/wp-json\/wp\/v2\/media?parent=64"}],"curies":[{"name":"wp","href":"https:\/\/api.w.org\/{rel}","templated":true}]}}