{"id":20,"date":"2016-08-13T03:12:49","date_gmt":"2016-08-13T03:12:49","guid":{"rendered":"https:\/\/www.europeinpictures.com\/baltics-trip-report\/?page_id=20"},"modified":"2017-07-11T21:27:28","modified_gmt":"2017-07-11T21:27:28","slug":"riga","status":"publish","type":"page","link":"https:\/\/www.europeinpictures.com\/baltics-trip-report\/riga","title":{"rendered":"Riga, Latvia"},"content":{"rendered":"<div style=\"width: 610px\" class=\"wp-caption alignnone\"><a href=\"https:\/\/www.portlandbridges.com\/00,M25D0IMG36379,446,1,1,0-riga-latvia.html\" target=\"_blank\"><img loading=\"lazy\" decoding=\"async\" src=\"https:\/\/www.portlandbridges.com\/photoimagefiles\/image-m25d0img36379-s.jpg\" width=\"600\" height=\"400\" alt=\"Riga Train Station\" \/><\/a><p class=\"wp-caption-text\">Riga Train Station<\/p><\/div>\n<p>Leaving the Riga bus station after being dropped off by the Ollex mini-bus, I rode a tram one stop without a ticket (I had tried to buy one from the tram driver before he took off; at the next stop I just got off and decided to buy a  pass).  I got off in front of a Narvesen, a popular convenience store that seems to be EVERYWHERE in Riga \u2013 there must be hundreds of them.  At Narvesen I bought a 3 day transit pass (not 72 hours unlike Vilinus), then hopped on another tram (guided by my phone and Google Maps) and found my way to my hotel.  I had to walk several blocks after the last bus dropped me off.<\/p>\n<p>I stayed at the Hotel Edvards, a modest but very friendly hotel somewhat away from the old town but close to the Art Nouveau district. I had known from the start that this wasn&#8217;t an ideal location for a tourist, but I couldn&#8217;t settle on a better place ahead of time when searching for alternatives: either the prices were really high or the location was just closer to the train station (often not the nicest part of town).  I didn&#8217;t necessarily want to be in the old town, either, because of its reputation for loud parties.  I couldn&#8217;t commit to an AirBnB place because I wasn&#8217;t entirely sure which day I&#8217;d arrive in Riga.<\/p>\n<p>So I stayed with the Edvards and it was fine.  The walk from th Edvards to the old town was not bad but sometimes tiresome with camera equipment, and I did the walk a few times.  Even with the transit pass, I had to do a lot of walking; Riga&#8217;s bus stops seem to be pretty far apart.  Upon reflection, I would be OK staying in this location again \u2013 but I might choose a place close to the central market and near the train\/bus stations next time, not necessarily in the old town.  Some will say this area may not be the most desirable or safe, but the location seems fairly good, especially if you will do day trips by bus\/train.<\/p>\n<p>I was exhausted after my long day of bus rides and exploring  \u0160iauliai, etc. so I told myself I&#8217;d just grab dinner and call it a night and being exploring Riga tomorrow.  I grabbed a quick pizza dinner then talked myself into a leisurely stroll into the old town, leaving my camera gear behind, just as the sun was setting.  That&#8217;s when I got my first good view of the Van\u0161u Bridge, as the sun was setting right into the river \u2013 wow!<\/p>\n<div style=\"width: 610px\" class=\"wp-caption alignnone\"><a href=\"https:\/\/www.portlandbridges.com\/00,M25D0IMG35715,446,1,1,0-riga-latvia.html\" target=\"_blank\"><img loading=\"lazy\" decoding=\"async\" src=\"https:\/\/www.portlandbridges.com\/photoimagefiles\/image-m25d0img35715-s.jpg\" width=\"600\" height=\"400\" alt=\"Van\ufffdu Bridge, Sunset, Riga\" \/><\/a><p class=\"wp-caption-text\">Van\ufffdu Bridge, Sunset, Riga<\/p><\/div>\n<p>That stopped my heart, and soon I was headed back to the hotel to grab my camera gear.  With the long days, I knew dusk would be long so I had enough time to come back and still shoot early night pictures in good light.  I wound up spending a few hours shooting pictures of the bridges and various buildings until about midnight \u2013 so much for my early night!<\/p>\n<div style=\"width: 610px\" class=\"wp-caption alignnone\"><a href=\"https:\/\/www.portlandbridges.com\/00,M25D0IMG35698,446,1,1,0-riga-latvia.html\" target=\"_blank\"><img loading=\"lazy\" decoding=\"async\" src=\"https:\/\/www.portlandbridges.com\/photoimagefiles\/image-m25d0img35698-s.jpg\" width=\"600\" height=\"400\" alt=\"Town Hall Square, House of Blackheads, Dusk, Riga, Latvia\" \/><\/a><p class=\"wp-caption-text\">Town Hall Square, House of Blackheads, Dusk, Riga, Latvia<\/p><\/div>\n<div style=\"width: 610px\" class=\"wp-caption alignnone\"><a href=\"https:\/\/www.portlandbridges.com\/00,M25D0IMG35690,446,1,1,0-riga-latvia.html\" target=\"_blank\"><img loading=\"lazy\" decoding=\"async\" src=\"https:\/\/www.portlandbridges.com\/photoimagefiles\/image-m25d0img35690-s.jpg\" width=\"600\" height=\"400\" alt=\"Riga Cathedral, Dusk\" \/><\/a><p class=\"wp-caption-text\">Riga Cathedral, Dusk<\/p><\/div>\n<div style=\"width: 610px\" class=\"wp-caption alignnone\"><a href=\"https:\/\/www.portlandbridges.com\/00,M25D0IMG35749,446,1,1,0-riga-latvia.html\" target=\"_blank\"><img loading=\"lazy\" decoding=\"async\" src=\"https:\/\/www.portlandbridges.com\/photoimagefiles\/europe-bridges-m25d0img35749-s.jpg\" width=\"600\" height=\"400\" alt=\"Riga Railroad Bridge at Night\" \/><\/a><p class=\"wp-caption-text\">Riga Railroad Bridge at Night<\/p><\/div>\n<p>When I finally decided to pack up my camera gear and head back to the hotel \u2013 about midnight, somewhere along the river &#8211; I would have had at least 20 minute walk back to the hotel, but Google Maps found a tram still running at this hour to save most of the walking!  This is another example of where  the phone really paid off: I would never have figured out how the bus system that quickly and would otherwise just have walked.  As tired as I was, this helped save my feet.<\/p>\n<p>Somehow, after Lithuania, Riga felt like a huge sigh of relief.  Not that I hadn&#8217;t liked Lithuania, but Riga had an instant appeal to me.  It felt like modern city not an \u201cold town\u201d or a drab  communist throwback as I&#8217;d encountered in Lithuania.  Riga was also bigger and more spread out than I had imagined.  Away from the old town, it feels like a substantial city with large city blocks on a grid, more like Paris than a small town \u2013 much more cosmopolitan than Vilnius for sure.  Riga is close to the Baltic Sea but on a wide river with a few interesting bridges across it (most notably, the cable-stayed  Van\u0161u Bridge).  The old town and most everything of interest to a tourist is on the east side of the river, but it&#8217;s worth walking over the west side for a look across the river if you have time.  But I wouldn&#8217;t consider Riga a city that embraces its river, exactly.<\/p>\n<p>The old town has a nice vibe to it, even if it was very touristy and not the most authentic feel.  There are those huge church spires from St. Peter&#8217;s and from the Riga Cathedral.  And there is the square with the distinctive House of Blackheads.  But there are international chain restaurants like TGI Fridays in the old town as well as many other restaurants catering to English-speaking tourists, so it&#8217;s hard to pretend you are going back centuries in time.<\/p>\n<div style=\"width: 610px\" class=\"wp-caption alignnone\"><a href=\"https:\/\/www.portlandbridges.com\/00,M25D0IMG36216,446,1,1,0-riga-latvia.html\" target=\"_blank\"><img loading=\"lazy\" decoding=\"async\" src=\"https:\/\/www.portlandbridges.com\/photoimagefiles\/image-m25d0img36216-s.jpg\" width=\"600\" height=\"400\" alt=\"Riga Old Town\" \/><\/a><p class=\"wp-caption-text\">Riga Old Town<\/p><\/div>\n<p>My first morning, I puttered around the old town a little, grabbed a quick lunch, then joined the noon free walking tour, which was great.  Our group was about 20 people (after the original large group was split between two different guides) walked from St. Peters down to the central market, into the Russian district, then back to end at the Freedom Monument.<\/p>\n<p><div style=\"width: 610px\" class=\"wp-caption alignnone\"><a href=\"https:\/\/www.portlandbridges.com\/00,S1100IMG05590,446,1,1,0-riga-latvia.html\" target=\"_blank\"><img loading=\"lazy\" decoding=\"async\" src=\"https:\/\/www.portlandbridges.com\/photoimagefiles\/image-s1100img05590-s.jpg\" width=\"600\" height=\"400\" alt=\"Riga Central Market\" \/><\/a><p class=\"wp-caption-text\">Riga Central Market<\/p><\/div><br \/>\n<div style=\"width: 610px\" class=\"wp-caption alignnone\"><a href=\"https:\/\/www.portlandbridges.com\/00,M25D0IMG35826,446,1,1,0-riga-latvia.html\" target=\"_blank\"><img loading=\"lazy\" decoding=\"async\" src=\"https:\/\/www.portlandbridges.com\/photoimagefiles\/image-m25d0img35826-s.jpg\" width=\"600\" height=\"400\" alt=\"Fish for Sale, Riga Central Market\" \/><\/a><p class=\"wp-caption-text\">Fish for Sale, Riga Central Market<\/p><\/div><\/p>\n<div style=\"width: 610px\" class=\"wp-caption alignnone\"><a href=\"https:\/\/www.portlandbridges.com\/00,M25D0IMG35898,446,1,1,0-riga-latvia.html\" target=\"_blank\"><img loading=\"lazy\" decoding=\"async\" src=\"https:\/\/www.portlandbridges.com\/photoimagefiles\/image-m25d0img35898-s.jpg\" width=\"600\" height=\"400\" alt=\"Br\u012bv\u012bbas bulv\u0101ris, Freedom Monument, Riga\" \/><\/a><p class=\"wp-caption-text\">Br\u012bv\u012bbas bulv\u0101ris, Freedom Monument, Riga<\/p><\/div>\n<p>After that, I took a train out to J\u016brmala (to the town of Majori), a resort area on the coast, which was about a half hour ride.  (See below.)  The Latvian trains sure are a lot older than the Lithuanian trains!  It was a warm Friday afternoon, and the train was pretty full but I had a seat.<\/p>\n<p>After making it back to the Hotel Edvards in Riga a few hours later, I finally set out to explore the nearby art nouveau district.  Wow, those buildings are really cool \u2013 but almost creepy!  Very intriguing.  In case you don&#8217;t know what I&#8217;m talking about, Riga has a great collection of old art nouveau buildings with weird figures carved on the front, very distinctive.<\/p>\n<div style=\"width: 610px\" class=\"wp-caption alignnone\"><a href=\"https:\/\/www.portlandbridges.com\/00,M25D0IMG36664,447,1,1,0-riga-latvia.html\" target=\"_blank\"><img loading=\"lazy\" decoding=\"async\" src=\"https:\/\/www.portlandbridges.com\/photoimagefiles\/image-m25d0img36664-s.jpg\" width=\"600\" height=\"400\" alt=\"Art Nouveau Building, Mikhail Eisenstein, Elizabetes 10b, Riga, Latvia\" \/><\/a><p class=\"wp-caption-text\">Art Nouveau Building, Mikhail Eisenstein, Elizabetes 10b, Riga, Latvia<\/p><\/div>\n<p>Many (most?) were designed by architect Mikhail Eisenstein, whose son is more famous for being the filmmaker who filmed \u201cBattleship Potemkin\u201d among other films.  Anyway, the art nouveau buildings were so amazing that I returned to see them on my final morning in Riga in different light \u2013 at least the area was close to my hotel!<br \/>\nI finally took a night off from night photography (after four late nights in a row of shooting).  I had a lasagna at a little nondescript Italian place near my hotel.<\/p>\n<p>My final day in Riga was not well planned.  I had decided to day trip somewhere out of Riga but could not decide exactly where. I wound up going to Sigulda, a town in Gauja National Park about a 90 minute train ride east of Riga.  (See below.)<\/p>\n<p>And so I shot a final night of night photography in Riga, largely from across the river and from the Van\u0161u Bridge.  I didn&#8217;t stay out quite as long as the first night.<\/p>\n<div style=\"width: 610px\" class=\"wp-caption alignnone\"><a href=\"https:\/\/www.portlandbridges.com\/00,M25D0IMG36633,446,1,1,0-riga-latvia.html\" target=\"_blank\"><img loading=\"lazy\" decoding=\"async\" src=\"https:\/\/www.portlandbridges.com\/photoimagefiles\/image-m25d0img36633-s.jpg\" width=\"600\" height=\"200\" alt=\"Riga Panorama, Night\" \/><\/a><p class=\"wp-caption-text\">Riga Panorama, Night<\/p><\/div>\n<div style=\"width: 610px\" class=\"wp-caption alignnone\"><a href=\"https:\/\/www.portlandbridges.com\/00,M25D0IMG36646,446,1,1,0-riga-latvia.html\" target=\"_blank\"><img loading=\"lazy\" decoding=\"async\" src=\"https:\/\/www.portlandbridges.com\/photoimagefiles\/image-m25d0img36646-s.jpg\" width=\"600\" height=\"400\" alt=\"Riga Panorama, Riga Cathedral, St. Peter's, Dusk\" \/><\/a><p class=\"wp-caption-text\">Riga Panorama, Riga Cathedral, St. Peter&#8217;s, Dusk<\/p><\/div>\n<p>On the walking tour, we&#8217;d briefly explored Riga&#8217;s huge central market, which includes an amazing collection of meat and fish as well as all kinds of other items, housed largely in several old zeppelin hangers close to the train station.  I passed through them again when I had a spare few minutes on the way to the train station to head to Sigulda, but I didn&#8217;t get a chance to eat anything from the markets.  There are a few places selling food inside, but most of the market is selling unprepared food.  One advantage of staying near the market would have been the ability to find a meal here more easily \u2013 or if staying at an apartment with a kitchen even preparing a meal from market items.<\/p>\n<p>Riga is also a very \u201cgreen\u201d city.  There are several nice parks throughout the city.  On the other side of the river there are public areas for running and recreation as well.<\/p>\n<p><div style=\"float: left; width: 212px;\"><p class=\"ahnavprevnext\" style=\"font-size: 11pt;\"><a href=\"https:\/\/www.portlandbridges.com\/00,M25D0IMG35698,446,1,1,0-riga-latvia.html\" target=\"_blank\">\n           <img loading=\"lazy\" decoding=\"async\" src=\"https:\/\/www.portlandbridges.com\/photoimagefiles\/image-m25d0img35698-t.jpg\" height=\"133\"\n           width=\"200\" alt=\"Riga, Latvia\"><br>View \n           More Photos of Riga, Latvia on PortlandBridges.com<\/a><\/p><\/div><div style=\"float: left; width: 212px;\"><p class=\"ahnavprevnext\" style=\"font-size: 11pt;\"><a href=\"https:\/\/www.portlandbridges.com\/00,M25D0IMG36664,447,1,1,0-riga-latvia.html\" target=\"_blank\">\n           <img loading=\"lazy\" decoding=\"async\" src=\"https:\/\/www.portlandbridges.com\/photoimagefiles\/image-m25d0img36664-t.jpg\" height=\"133\"\n           width=\"200\" alt=\"Riga Art Nouveau Buildings\"><br>View \n           More Photos of Riga Art Nouveau Buildings on PortlandBridges.com<\/a><\/p><\/div><\/p>\n<p><br clear='all'><div style='float: left; width: 200px; '>\n<p style=\"text-align: center; margin-bottom: 0; padding-bottom: 0;\">\n<a target=\"_blank\"  href=\"https:\/\/www.amazon.com\/gp\/product\/174220757X\/ref=as_li_tl?ie=UTF8&camp=1789&creative=9325&creativeASIN=174220757X&linkCode=as2&tag=bridgebooks&linkId=174220757X\"><img decoding=\"async\" border=\"0\" src=\"\/\/ws-na.amazon-adsystem.com\/widgets\/q?_encoding=UTF8&MarketPlace=US&ASIN=174220757X&ServiceVersion=20070822&ID=AsinImage&WS=1&Format=_SL250_&tag=bridgebooks\" ><\/a><img loading=\"lazy\" decoding=\"async\" src=\"\/\/ir-na.amazon-adsystem.com\/e\/ir?t=bridgebooks&l=am2&o=1&a=174220757X\" width=\"1\" height=\"1\" border=\"0\" alt=\"\" style=\"border:none !important; margin:0px !important;\" \/>\n<\/p>\n<p style=\"text-align: center; margin-top: 0; padding-top: 0;\">\n<a target=\"_blank\" href=\"https:\/\/www.amazon.com\/gp\/product\/174220757X\/ref=as_li_tl?ie=UTF8&camp=1789&creative=9325&creativeASIN=174220757X&linkCode=as2&tag=bridgebooks&linkId=64271a028f9f6efe50acc14c9f9f13d8\">Lonely Planet Estonia, Latvia &amp; Lithuania (Travel Guide) - Buy on Amazon.com<\/a><img loading=\"lazy\" decoding=\"async\" src=\"\/\/ir-na.amazon-adsystem.com\/e\/ir?t=bridgebooks&l=am2&o=1&a=174220757X\" width=\"1\" height=\"1\" border=\"0\" alt=\"\" style=\"border:none !important; margin:0px !important;\" \/>\n<\/p>\n<\/div><div style='float: left; width: 200px; '>\n<p style=\"text-align: center; margin-bottom: 0; padding-bottom: 0;\">\n<a target=\"_blank\"  href=\"https:\/\/www.amazon.com\/gp\/product\/1465427953\/ref=as_li_tl?ie=UTF8&camp=1789&creative=9325&creativeASIN=1465427953&linkCode=as2&tag=bridgebooks&linkId=1465427953\"><img decoding=\"async\" border=\"0\" src=\"\/\/ws-na.amazon-adsystem.com\/widgets\/q?_encoding=UTF8&MarketPlace=US&ASIN=1465427953&ServiceVersion=20070822&ID=AsinImage&WS=1&Format=_SL250_&tag=bridgebooks\" ><\/a><img loading=\"lazy\" decoding=\"async\" src=\"\/\/ir-na.amazon-adsystem.com\/e\/ir?t=bridgebooks&l=am2&o=1&a=1465427953\" width=\"1\" height=\"1\" border=\"0\" alt=\"\" style=\"border:none !important; margin:0px !important;\" \/>\n<\/p>\n<p style=\"text-align: center; margin-top: 0; padding-top: 0;\">\n<a target=\"_blank\" href=\"https:\/\/www.amazon.com\/gp\/product\/1465427953\/ref=as_li_tl?ie=UTF8&camp=1789&creative=9325&creativeASIN=1465427953&linkCode=as2&tag=bridgebooks&linkId=ab6891bb5eb397655f963cf077e790d2\">DK Eyewitness Travel Guide: Estonia, Latvia & Lithuania - Buy on Amazon.com<\/a><img loading=\"lazy\" decoding=\"async\" src=\"\/\/ir-na.amazon-adsystem.com\/e\/ir?t=bridgebooks&l=am2&o=1&a=1465427953\" width=\"1\" height=\"1\" border=\"0\" alt=\"\" style=\"border:none !important; margin:0px !important;\" \/>\n<\/p>\n<\/div><div style='float: left; width: 200px; '>\n<p style=\"text-align: center; margin-bottom: 0; padding-bottom: 0;\">\n<a target=\"_blank\"  href=\"https:\/\/www.amazon.com\/gp\/product\/1631210637\/ref=as_li_tl?ie=UTF8&camp=1789&creative=9325&creativeASIN=1631210637&linkCode=as2&tag=bridgebooks&linkId=1631210637\"><img decoding=\"async\" border=\"0\" src=\"\/\/ws-na.amazon-adsystem.com\/widgets\/q?_encoding=UTF8&MarketPlace=US&ASIN=1631210637&ServiceVersion=20070822&ID=AsinImage&WS=1&Format=_SL250_&tag=bridgebooks\" ><\/a><img loading=\"lazy\" decoding=\"async\" src=\"\/\/ir-na.amazon-adsystem.com\/e\/ir?t=bridgebooks&l=am2&o=1&a=1631210637\" width=\"1\" height=\"1\" border=\"0\" alt=\"\" style=\"border:none !important; margin:0px !important;\" \/>\n<\/p>\n<p style=\"text-align: center; margin-top: 0; padding-top: 0;\">\n<a target=\"_blank\" href=\"https:\/\/www.amazon.com\/gp\/product\/1631210637\/ref=as_li_tl?ie=UTF8&camp=1789&creative=9325&creativeASIN=1631210637&linkCode=as2&tag=bridgebooks&linkId=fafbae3dab9350d267de0ff6af471e81\">Rick Steves Snapshot St. Petersburg, Helsinki &amp; Tallinn - Buy on Amazon.com<\/a><img loading=\"lazy\" decoding=\"async\" src=\"\/\/ir-na.amazon-adsystem.com\/e\/ir?t=bridgebooks&l=am2&o=1&a=1631210637\" width=\"1\" height=\"1\" border=\"0\" alt=\"\" style=\"border:none !important; margin:0px !important;\" \/>\n<\/p>\n<\/div><br clear='all'><\/p>\n<p>[bookingcomad1 aid=&#8221;1302158&#8243; destid=&#8221;-3212216&#8243;]<\/p>\n","protected":false},"excerpt":{"rendered":"<p>Leaving the Riga bus station after being dropped off by the Ollex mini-bus, I rode a tram one stop without a ticket (I had tried to buy one from the tram driver before he took off; at the next stop &hellip; <a href=\"https:\/\/www.europeinpictures.com\/baltics-trip-report\/riga\">Continue reading <span class=\"meta-nav\">&rarr;<\/span><\/a><\/p>\n","protected":false},"author":1,"featured_media":0,"parent":0,"menu_order":9,"comment_status":"open","ping_status":"open","template":"","meta":{"footnotes":""},"class_list":["post-20","page","type-page","status-publish","hentry"],"_links":{"self":[{"href":"https:\/\/www.europeinpictures.com\/baltics-trip-report\/wp-json\/wp\/v2\/pages\/20","targetHints":{"allow":["GET"]}}],"collection":[{"href":"https:\/\/www.europeinpictures.com\/baltics-trip-report\/wp-json\/wp\/v2\/pages"}],"about":[{"href":"https:\/\/www.europeinpictures.com\/baltics-trip-report\/wp-json\/wp\/v2\/types\/page"}],"author":[{"embeddable":true,"href":"https:\/\/www.europeinpictures.com\/baltics-trip-report\/wp-json\/wp\/v2\/users\/1"}],"replies":[{"embeddable":true,"href":"https:\/\/www.europeinpictures.com\/baltics-trip-report\/wp-json\/wp\/v2\/comments?post=20"}],"version-history":[{"count":11,"href":"https:\/\/www.europeinpictures.com\/baltics-trip-report\/wp-json\/wp\/v2\/pages\/20\/revisions"}],"predecessor-version":[{"id":222,"href":"https:\/\/www.europeinpictures.com\/baltics-trip-report\/wp-json\/wp\/v2\/pages\/20\/revisions\/222"}],"wp:attachment":[{"href":"https:\/\/www.europeinpictures.com\/baltics-trip-report\/wp-json\/wp\/v2\/media?parent=20"}],"curies":[{"name":"wp","href":"https:\/\/api.w.org\/{rel}","templated":true}]}}