{"id":18,"date":"2016-08-13T02:14:34","date_gmt":"2016-08-13T02:14:34","guid":{"rendered":"https:\/\/www.europeinpictures.com\/baltics-trip-report\/?page_id=18"},"modified":"2017-07-11T21:35:13","modified_gmt":"2017-07-11T21:35:13","slug":"siauliai-and-the-hill-of-crosses","status":"publish","type":"page","link":"https:\/\/www.europeinpictures.com\/baltics-trip-report\/siauliai-and-the-hill-of-crosses","title":{"rendered":"\u0160iauliai and the Hill of Crosses"},"content":{"rendered":"<div style=\"width: 610px\" class=\"wp-caption alignnone\"><a href=\"https:\/\/www.portlandbridges.com\/00,M25D0IMG35468,445,1,1,0-siauliai-lithuania.html\" target=\"_blank\"><img loading=\"lazy\" decoding=\"async\" src=\"https:\/\/www.portlandbridges.com\/photoimagefiles\/image-m25d0img35468-s.jpg\" width=\"600\" height=\"400\" alt=\"Hill of Crosses, near \u0160iauliai, Lithuania\" \/><\/a><p class=\"wp-caption-text\">Hill of Crosses, near \u0160iauliai, Lithuania<\/p><\/div>\n<p>The next morning in Kaunas, I caught a mini-bus from my hotel to the Kaunas&#8217;s temporary bus station (close to the train station), then I took a 2.5 hour bus from Kaunas to the town of \u0160iauliai, another big town in northern Lithuania.<\/p>\n<p>\u0160iauliai is an easy day trip from Vilnius by train, but it&#8217;s a few hours each way, so if you are going to Riga anyway, as I was, it makes some sense to stop in \u0160iauliai on the way to Riga (or vice versa if you are headed from Riga to Lithuania).  Had I not stayed the night in Kaunas, I would have taken the direct train to \u0160iauliai, but there is no convenient train connection between Kaunas and \u0160iauliai, so I took a bus. ( Actually, you can connect by train if you don&#8217;t mind stopping for a while in the little town of Kaisiadorys between trains \u2013 or connecting in Vilnius. I considered this train connection, actually, but the train would have gotten me in to \u0160iauliai too late, so I took the bus.)<\/p>\n<p>The bus ride to \u0160iauliai was OK as far as bus rides go but I was glad when it was over.   I could not read and had to limit how much time I could look at my phone, because I can get motion sick.  The bus had WiFi but no bathroom.<\/p>\n<p>The Hill of Crosses is in a field out in the middle of nowhere, a few kilometers north of \u0160iauliai. During the final years of Soviet rule, this hill became a symbol of rebellion against the Soviets.  Expression of religion was forbidden by the Soviet government, but crosses started appearing in this field.  Authorities would remove them \u2013 then new crosses would appear to replace them soon after.  The Hill today has thousands of unique crosses, some big some very tiny, and has become a major tourist attraction.  (You can add your own cross If you like.  I didn&#8217;t.)<\/p>\n<p>In \u0160iauliai, to get to the Hill of Crosses, you have to take a local bus from the \u0160iauliai bus station toward Joni\u0161kis and get off at the Domantai stop.  (Or ride a bike.  Or take a taxi \u2013 maybe 20 to 25 Euros if you want the driver to wait for you while you visit.)  The buses run only about once an hour each way, sometimes less, so you have to time your visit by bus carefully.  I managed to take the 12:15 bus from the \u0160iauliai and get back to \u0160iauliai by 2:30.  This gave me only about 45 minutes at the Hill, but that was enough for me.  Waiting  for the next bus would have meant spending another hour there \u2013 more than I wanted.  The Hill was pretty crowded that day because it was high school graduation day in \u0160iauliai, and the Hill seems to be a common spot for graduation pictures. Lots of well-dressed senior kids arrived at the Hill in fancy cars just as I was walking back to the bus stop.<\/p>\n<p><div style=\"width: 610px\" class=\"wp-caption alignnone\"><a href=\"https:\/\/www.portlandbridges.com\/00,M25D0IMG35511,445,1,1,0-siauliai-lithuania.html\" target=\"_blank\"><img loading=\"lazy\" decoding=\"async\" src=\"https:\/\/www.portlandbridges.com\/photoimagefiles\/image-m25d0img35511-s.jpg\" width=\"600\" height=\"400\" alt=\"Hill of Crosses, near \u0160iauliai, Lithuania\" \/><\/a><p class=\"wp-caption-text\">Hill of Crosses, near \u0160iauliai, Lithuania<\/p><\/div><br \/>\n<div style=\"width: 610px\" class=\"wp-caption alignnone\"><a href=\"https:\/\/www.portlandbridges.com\/00,M25D0IMG35506,445,1,1,0-siauliai-lithuania.html\" target=\"_blank\"><img loading=\"lazy\" decoding=\"async\" src=\"https:\/\/www.portlandbridges.com\/photoimagefiles\/image-m25d0img35506-s.jpg\" width=\"600\" height=\"400\" alt=\"Hill of Crosses, near \u0160iauliai, Lithuania\" \/><\/a><p class=\"wp-caption-text\">Hill of Crosses, near \u0160iauliai, Lithuania<\/p><\/div><\/p>\n<div style=\"width: 610px\" class=\"wp-caption alignnone\"><a href=\"https:\/\/www.portlandbridges.com\/00,M25D0IMG35512,445,1,1,0-siauliai-lithuania.html\" target=\"_blank\"><img loading=\"lazy\" decoding=\"async\" src=\"https:\/\/www.portlandbridges.com\/photoimagefiles\/lithuania-highlights-m25d0img35512-s.jpg\" width=\"600\" height=\"400\" alt=\"Hill of Crosses, near \u0160iauliai, Lithuania\" \/><\/a><p class=\"wp-caption-text\">Hill of Crosses, near \u0160iauliai, Lithuania<\/p><\/div>\n<p>I had another few hours in \u0160iauliai before my van to Riga, so I explored the town a little.   \u0160iauliai is a pretty drab town, but it is interesting in places.  There&#8217;s a town center with some cafes and shops.  There&#8217;s a nice cathedral and some interesting public art.  I enjoyed walking around for an hour \u2013 but I wouldn&#8217;t see the need to spend a night.  <\/p>\n<div style=\"width: 610px\" class=\"wp-caption alignnone\"><a href=\"https:\/\/www.portlandbridges.com\/00,M25D0IMG35671,445,1,1,0-siauliai-lithuania.html\" target=\"_blank\"><img loading=\"lazy\" decoding=\"async\" src=\"https:\/\/www.portlandbridges.com\/photoimagefiles\/image-m25d0img35671-s.jpg\" width=\"600\" height=\"400\" alt=\"Cathedral, \u0160iauliai, Lithuania\" \/><\/a><p class=\"wp-caption-text\">Cathedral, \u0160iauliai, Lithuania<\/p><\/div>\n<div style=\"width: 610px\" class=\"wp-caption alignnone\"><a href=\"https:\/\/www.portlandbridges.com\/00,M25D0IMG35623,445,1,1,0-siauliai-lithuania.html\" target=\"_blank\"><img loading=\"lazy\" decoding=\"async\" src=\"https:\/\/www.portlandbridges.com\/photoimagefiles\/image-m25d0img35623-s.jpg\" width=\"600\" height=\"400\" alt=\"Town Clock, \u0160iauliai, Lithuania\" \/><\/a><p class=\"wp-caption-text\">Town Clock, \u0160iauliai, Lithuania<\/p><\/div>\n<p>My \u201cbus\u201d to Riga booked with Ollex turned out to be a cramped mini-bus or oversized van.  This was the worst ride of my trip, with small seats, no leg room, and a bumpy ride with air conditioning that barely worked.  Unfortunately, this was my only afternoon option for getting to Riga from \u0160iauliai \u2013 the regular bus companies like Lux Express and Ecolines did not have direct buses in the afternoon.  But the Ollex mini-bus got me there In one piece, anyway, within my schedule.<\/p>\n<div style=\"float: left; width: 212px;\"><p class=\"ahnavprevnext\" style=\"font-size: 11pt;\"><a href=\"https:\/\/www.portlandbridges.com\/00,M25D0IMG35512,445,1,1,0-siauliai-lithuania.html\" target=\"_blank\">\n           <img loading=\"lazy\" decoding=\"async\" src=\"https:\/\/www.portlandbridges.com\/photoimagefiles\/lithuania-highlights-m25d0img35512-t.jpg\" height=\"133\"\n           width=\"200\" alt=\"\u0160iauliai, Lithuania\"><br>View \n           More Photos of \u0160iauliai, Lithuania on PortlandBridges.com<\/a><\/p><\/div>\n<p><br clear='all'><div style='float: left; width: 200px; '>\n<p style=\"text-align: center; margin-bottom: 0; padding-bottom: 0;\">\n<a target=\"_blank\"  href=\"https:\/\/www.amazon.com\/gp\/product\/174220757X\/ref=as_li_tl?ie=UTF8&camp=1789&creative=9325&creativeASIN=174220757X&linkCode=as2&tag=bridgebooks&linkId=174220757X\"><img decoding=\"async\" border=\"0\" src=\"\/\/ws-na.amazon-adsystem.com\/widgets\/q?_encoding=UTF8&MarketPlace=US&ASIN=174220757X&ServiceVersion=20070822&ID=AsinImage&WS=1&Format=_SL250_&tag=bridgebooks\" ><\/a><img loading=\"lazy\" decoding=\"async\" src=\"\/\/ir-na.amazon-adsystem.com\/e\/ir?t=bridgebooks&l=am2&o=1&a=174220757X\" width=\"1\" height=\"1\" border=\"0\" alt=\"\" style=\"border:none !important; margin:0px !important;\" \/>\n<\/p>\n<p style=\"text-align: center; margin-top: 0; padding-top: 0;\">\n<a target=\"_blank\" href=\"https:\/\/www.amazon.com\/gp\/product\/174220757X\/ref=as_li_tl?ie=UTF8&camp=1789&creative=9325&creativeASIN=174220757X&linkCode=as2&tag=bridgebooks&linkId=64271a028f9f6efe50acc14c9f9f13d8\">Lonely Planet Estonia, Latvia &amp; Lithuania (Travel Guide) - Buy on Amazon.com<\/a><img loading=\"lazy\" decoding=\"async\" src=\"\/\/ir-na.amazon-adsystem.com\/e\/ir?t=bridgebooks&l=am2&o=1&a=174220757X\" width=\"1\" height=\"1\" border=\"0\" alt=\"\" style=\"border:none !important; margin:0px !important;\" \/>\n<\/p>\n<\/div><div style='float: left; width: 200px; '>\n<p style=\"text-align: center; margin-bottom: 0; padding-bottom: 0;\">\n<a target=\"_blank\"  href=\"https:\/\/www.amazon.com\/gp\/product\/1465427953\/ref=as_li_tl?ie=UTF8&camp=1789&creative=9325&creativeASIN=1465427953&linkCode=as2&tag=bridgebooks&linkId=1465427953\"><img decoding=\"async\" border=\"0\" src=\"\/\/ws-na.amazon-adsystem.com\/widgets\/q?_encoding=UTF8&MarketPlace=US&ASIN=1465427953&ServiceVersion=20070822&ID=AsinImage&WS=1&Format=_SL250_&tag=bridgebooks\" ><\/a><img loading=\"lazy\" decoding=\"async\" src=\"\/\/ir-na.amazon-adsystem.com\/e\/ir?t=bridgebooks&l=am2&o=1&a=1465427953\" width=\"1\" height=\"1\" border=\"0\" alt=\"\" style=\"border:none !important; margin:0px !important;\" \/>\n<\/p>\n<p style=\"text-align: center; margin-top: 0; padding-top: 0;\">\n<a target=\"_blank\" href=\"https:\/\/www.amazon.com\/gp\/product\/1465427953\/ref=as_li_tl?ie=UTF8&camp=1789&creative=9325&creativeASIN=1465427953&linkCode=as2&tag=bridgebooks&linkId=ab6891bb5eb397655f963cf077e790d2\">DK Eyewitness Travel Guide: Estonia, Latvia & Lithuania - Buy on Amazon.com<\/a><img loading=\"lazy\" decoding=\"async\" src=\"\/\/ir-na.amazon-adsystem.com\/e\/ir?t=bridgebooks&l=am2&o=1&a=1465427953\" width=\"1\" height=\"1\" border=\"0\" alt=\"\" style=\"border:none !important; margin:0px !important;\" \/>\n<\/p>\n<\/div><div style='float: left; width: 200px; '>\n<p style=\"text-align: center; margin-bottom: 0; padding-bottom: 0;\">\n<a target=\"_blank\"  href=\"https:\/\/www.amazon.com\/gp\/product\/1631210637\/ref=as_li_tl?ie=UTF8&camp=1789&creative=9325&creativeASIN=1631210637&linkCode=as2&tag=bridgebooks&linkId=1631210637\"><img decoding=\"async\" border=\"0\" src=\"\/\/ws-na.amazon-adsystem.com\/widgets\/q?_encoding=UTF8&MarketPlace=US&ASIN=1631210637&ServiceVersion=20070822&ID=AsinImage&WS=1&Format=_SL250_&tag=bridgebooks\" ><\/a><img loading=\"lazy\" decoding=\"async\" src=\"\/\/ir-na.amazon-adsystem.com\/e\/ir?t=bridgebooks&l=am2&o=1&a=1631210637\" width=\"1\" height=\"1\" border=\"0\" alt=\"\" style=\"border:none !important; margin:0px !important;\" \/>\n<\/p>\n<p style=\"text-align: center; margin-top: 0; padding-top: 0;\">\n<a target=\"_blank\" href=\"https:\/\/www.amazon.com\/gp\/product\/1631210637\/ref=as_li_tl?ie=UTF8&camp=1789&creative=9325&creativeASIN=1631210637&linkCode=as2&tag=bridgebooks&linkId=fafbae3dab9350d267de0ff6af471e81\">Rick Steves Snapshot St. Petersburg, Helsinki &amp; Tallinn - Buy on Amazon.com<\/a><img loading=\"lazy\" decoding=\"async\" src=\"\/\/ir-na.amazon-adsystem.com\/e\/ir?t=bridgebooks&l=am2&o=1&a=1631210637\" width=\"1\" height=\"1\" border=\"0\" alt=\"\" style=\"border:none !important; margin:0px !important;\" \/>\n<\/p>\n<\/div><br clear='all'><\/p>\n<p>[bookingcomad1 aid=&#8221;1302157&#8243; destid=&#8221;-2620663&#8243;]<\/p>\n","protected":false},"excerpt":{"rendered":"<p>The next morning in Kaunas, I caught a mini-bus from my hotel to the Kaunas&#8217;s temporary bus station (close to the train station), then I took a 2.5 hour bus from Kaunas to the town of \u0160iauliai, another big town &hellip; <a href=\"https:\/\/www.europeinpictures.com\/baltics-trip-report\/siauliai-and-the-hill-of-crosses\">Continue reading <span class=\"meta-nav\">&rarr;<\/span><\/a><\/p>\n","protected":false},"author":1,"featured_media":0,"parent":0,"menu_order":8,"comment_status":"open","ping_status":"open","template":"","meta":{"footnotes":""},"class_list":["post-18","page","type-page","status-publish","hentry"],"_links":{"self":[{"href":"https:\/\/www.europeinpictures.com\/baltics-trip-report\/wp-json\/wp\/v2\/pages\/18","targetHints":{"allow":["GET"]}}],"collection":[{"href":"https:\/\/www.europeinpictures.com\/baltics-trip-report\/wp-json\/wp\/v2\/pages"}],"about":[{"href":"https:\/\/www.europeinpictures.com\/baltics-trip-report\/wp-json\/wp\/v2\/types\/page"}],"author":[{"embeddable":true,"href":"https:\/\/www.europeinpictures.com\/baltics-trip-report\/wp-json\/wp\/v2\/users\/1"}],"replies":[{"embeddable":true,"href":"https:\/\/www.europeinpictures.com\/baltics-trip-report\/wp-json\/wp\/v2\/comments?post=18"}],"version-history":[{"count":11,"href":"https:\/\/www.europeinpictures.com\/baltics-trip-report\/wp-json\/wp\/v2\/pages\/18\/revisions"}],"predecessor-version":[{"id":228,"href":"https:\/\/www.europeinpictures.com\/baltics-trip-report\/wp-json\/wp\/v2\/pages\/18\/revisions\/228"}],"wp:attachment":[{"href":"https:\/\/www.europeinpictures.com\/baltics-trip-report\/wp-json\/wp\/v2\/media?parent=18"}],"curies":[{"name":"wp","href":"https:\/\/api.w.org\/{rel}","templated":true}]}}